{"id":905,"date":"2024-11-28T14:48:29","date_gmt":"2024-11-28T11:48:29","guid":{"rendered":"https:\/\/www.cosmooffice.co\/?page_id=905"},"modified":"2025-07-28T16:02:16","modified_gmt":"2025-07-28T13:02:16","slug":"blog-2","status":"publish","type":"page","link":"https:\/\/www.cosmooffice.co\/index.php\/blog-2\/","title":{"rendered":"Blog"},"content":{"rendered":"\t\t<div data-elementor-type=\"wp-page\" data-elementor-id=\"905\" class=\"elementor elementor-905\" data-elementor-post-type=\"page\">\n\t\t\t\t<div class=\"elementor-element elementor-element-bc3e980 e-flex e-con-boxed e-con e-parent\" data-id=\"bc3e980\" data-element_type=\"container\">\n\t\t\t\t\t<div class=\"e-con-inner\">\n\t\t<div class=\"elementor-element elementor-element-c554d9a e-con-full e-flex e-con e-child\" data-id=\"c554d9a\" data-element_type=\"container\">\n\t\t\t\t<div class=\"elementor-element elementor-element-9b8a7de elementor-widget__width-inherit elementor-widget elementor-widget-heading\" data-id=\"9b8a7de\" data-element_type=\"widget\" data-widget_type=\"heading.default\">\n\t\t\t\t<div class=\"elementor-widget-container\">\n\t\t\t\t\t<h3 class=\"elementor-heading-title elementor-size-default\">BLOG<\/h3>\t\t\t\t<\/div>\n\t\t\t\t<\/div>\n\t\t\t\t<\/div>\n\t\t\t\t\t<\/div>\n\t\t\t\t<\/div>\n\t\t<div class=\"elementor-element elementor-element-ab15336 e-con-full e-flex e-con e-parent\" data-id=\"ab15336\" data-element_type=\"container\" data-settings=\"{&quot;background_background&quot;:&quot;classic&quot;}\">\n\t\t\t\t<\/div>\n\t\t<div class=\"elementor-element elementor-element-c0f54d0 e-flex e-con-boxed e-con e-parent\" data-id=\"c0f54d0\" data-element_type=\"container\">\n\t\t\t\t\t<div class=\"e-con-inner\">\n\t\t\t\t<div class=\"elementor-element elementor-element-6293bf2 elementor-widget__width-inherit elementor-widget elementor-widget-meafe-blog\" data-id=\"6293bf2\" data-element_type=\"widget\" data-widget_type=\"meafe-blog.default\">\n\t\t\t\t<div class=\"elementor-widget-container\">\n\t\t\t\t\t<div id=\"meafe-post-grid-6293bf2\" class=\"meafe-blog-wrapper layout-2 wrapper-alignment-center\">\n            <div class=\"meafe-blog-innerwrapper\">\n                <div class=\"meafe-blog-card\" data-id=\"1052\">\n                    <div class=\"meafe-blog-card-inner\"><div class=\"meafe-entry-wrapper category--main\"><span class=\"category--wrapper\" itemprop=\"about\"><a href=\"https:\/\/www.cosmooffice.co\/index.php\/category\/calisma-verimliligi\/\" rel=\"category tag\">\u00c7al\u0131\u015fma Verimlili\u011fi<\/a><\/span><h2 class=\"meafe-entry-title\"><a class=\"meafe-grid-post-link\" href=\"https:\/\/www.cosmooffice.co\/index.php\/2025\/03\/26\/bahar-geldi-calisma-hayatiniza-tazelik-katmanin-zamani\/\" title=\"Bahar Geldi: \u00c7al\u0131\u015fma Hayat\u0131n\u0131za Tazelik Katman\u0131n Zaman\u0131! \ud83c\udf38\">Bahar Geldi: \u00c7al\u0131\u015fma Hayat\u0131n\u0131za Tazelik Katman\u0131n Zaman\u0131! \ud83c\udf38<\/a><\/h2><div class=\"meafe-entry-meta details\"><div class=\"meafe-posted-on meafe-date\"><time datetime=\"26\/03\/2025\">26\/03\/2025<\/time><\/div><\/div><div class=\"meafe-entry-content meafe-content\">\n                                    <p>Bahar, do\u011fan\u0131n yeniden uyan\u0131\u015f\u0131n\u0131 simgeler. G\u00fcne\u015f y\u00fcz\u00fcn\u00fc daha s\u0131k g\u00f6sterir,...<\/p><\/div><div class=\"meafe-blog-button read-more\"><a href=\"https:\/\/www.cosmooffice.co\/index.php\/2025\/03\/26\/bahar-geldi-calisma-hayatiniza-tazelik-katmanin-zamani\/\" class=\"meafe-post-elements-readmore-btn\">Devam\u0131n\u0131 oku<svg xmlns=\"http:\/\/www.w3.org\/2000\/svg\" width=\"11.249\"\n                                    height=\"7.741\" viewBox=\"0 0 11.249 7.741\">\n                                    <path id=\"Path_2\" data-name=\"Path 2\"\n                                        d=\"M11.1,45.417,7.748,42.069a.523.523,0,0,0-.74.74l2.455,2.455H.523a.523.523,0,0,0,0,1.046h8.94L7.008,48.764a.523.523,0,0,0,.74.74L11.1,46.156A.523.523,0,0,0,11.1,45.417Z\"\n                                        transform=\"translate(0 -41.916)\" fill=\"currentcolor\"\/>\n                                <\/svg><\/a><\/div><\/div><\/div>\n                <\/div><div class=\"meafe-blog-card\" data-id=\"1029\">\n                    <div class=\"meafe-blog-card-inner\"><div class=\"meafe-entry-wrapper category--main\"><span class=\"category--wrapper\" itemprop=\"about\"><a href=\"https:\/\/www.cosmooffice.co\/index.php\/category\/is-dunyasi\/\" rel=\"category tag\">\u0130\u015f D\u00fcnyas\u0131<\/a><\/span><h2 class=\"meafe-entry-title\"><a class=\"meafe-grid-post-link\" href=\"https:\/\/www.cosmooffice.co\/index.php\/2024\/12\/05\/is-yasam-dengesi-profesyonel-calisma-ortamlarinin-onemi\/\" title=\"\u0130\u015f-Ya\u015fam Dengesi: Profesyonel \u00c7al\u0131\u015fma Ortamlar\u0131n\u0131n \u00d6nemi\">\u0130\u015f-Ya\u015fam Dengesi: Profesyonel \u00c7al\u0131\u015fma Ortamlar\u0131n\u0131n \u00d6nemi<\/a><\/h2><div class=\"meafe-entry-meta details\"><div class=\"meafe-posted-on meafe-date\"><time datetime=\"05\/12\/2024\">05\/12\/2024<\/time><\/div><\/div><div class=\"meafe-entry-content meafe-content\">\n                                    <p>\u0130\u015f-Ya\u015fam Dengesini Kurman\u0131n G\u00fcc\u00fc Hepimiz i\u015f ve \u00f6zel hayat\u0131m\u0131z aras\u0131nda...<\/p><\/div><div class=\"meafe-blog-button read-more\"><a href=\"https:\/\/www.cosmooffice.co\/index.php\/2024\/12\/05\/is-yasam-dengesi-profesyonel-calisma-ortamlarinin-onemi\/\" class=\"meafe-post-elements-readmore-btn\">Devam\u0131n\u0131 oku<svg xmlns=\"http:\/\/www.w3.org\/2000\/svg\" width=\"11.249\"\n                                    height=\"7.741\" viewBox=\"0 0 11.249 7.741\">\n                                    <path id=\"Path_2\" data-name=\"Path 2\"\n                                        d=\"M11.1,45.417,7.748,42.069a.523.523,0,0,0-.74.74l2.455,2.455H.523a.523.523,0,0,0,0,1.046h8.94L7.008,48.764a.523.523,0,0,0,.74.74L11.1,46.156A.523.523,0,0,0,11.1,45.417Z\"\n                                        transform=\"translate(0 -41.916)\" fill=\"currentcolor\"\/>\n                                <\/svg><\/a><\/div><\/div><\/div>\n                <\/div><div class=\"meafe-blog-card\" data-id=\"1011\">\n                    <div class=\"meafe-blog-card-inner\"><div class=\"meafe-entry-wrapper category--main\"><span class=\"category--wrapper\" itemprop=\"about\"><a href=\"https:\/\/www.cosmooffice.co\/index.php\/category\/yeni-nesil-ofis\/\" rel=\"category tag\">Yeni Nesil Ofis<\/a><\/span><h2 class=\"meafe-entry-title\"><a class=\"meafe-grid-post-link\" href=\"https:\/\/www.cosmooffice.co\/index.php\/2024\/12\/05\/bodrumda-ofis-ihtiyaclarinizi-karsilamak-icin-3-farkli-cozum\/\" title=\"Bodrum&#8217;da Ofis \u0130htiya\u00e7lar\u0131n\u0131z\u0131 Kar\u015f\u0131lamak \u0130\u00e7in 3 Farkl\u0131 \u00c7\u00f6z\u00fcm\">Bodrum&#8217;da Ofis \u0130htiya\u00e7lar\u0131n\u0131z\u0131 Kar\u015f\u0131lamak \u0130\u00e7in 3 Farkl\u0131 \u00c7\u00f6z\u00fcm<\/a><\/h2><div class=\"meafe-entry-meta details\"><div class=\"meafe-posted-on meafe-date\"><time datetime=\"05\/12\/2024\">05\/12\/2024<\/time><\/div><\/div><div class=\"meafe-entry-content meafe-content\">\n                                    <p>G\u00fcn\u00fcm\u00fcz i\u015f d\u00fcnyas\u0131nda, ofis y\u00f6netimi ve \u00e7al\u0131\u015fma ortam\u0131 b\u00fcy\u00fck bir...<\/p><\/div><div class=\"meafe-blog-button read-more\"><a href=\"https:\/\/www.cosmooffice.co\/index.php\/2024\/12\/05\/bodrumda-ofis-ihtiyaclarinizi-karsilamak-icin-3-farkli-cozum\/\" class=\"meafe-post-elements-readmore-btn\">Devam\u0131n\u0131 oku<svg xmlns=\"http:\/\/www.w3.org\/2000\/svg\" width=\"11.249\"\n                                    height=\"7.741\" viewBox=\"0 0 11.249 7.741\">\n                                    <path id=\"Path_2\" data-name=\"Path 2\"\n                                        d=\"M11.1,45.417,7.748,42.069a.523.523,0,0,0-.74.74l2.455,2.455H.523a.523.523,0,0,0,0,1.046h8.94L7.008,48.764a.523.523,0,0,0,.74.74L11.1,46.156A.523.523,0,0,0,11.1,45.417Z\"\n                                        transform=\"translate(0 -41.916)\" fill=\"currentcolor\"\/>\n                                <\/svg><\/a><\/div><\/div><\/div>\n                <\/div>\n            <\/div>\n        <\/div>\t\t\t\t<\/div>\n\t\t\t\t<\/div>\n\t\t\t\t\t<\/div>\n\t\t\t\t<\/div>\n\t\t<div class=\"elementor-element elementor-element-5d15fe0 e-con-full e-flex e-con e-parent\" data-id=\"5d15fe0\" data-element_type=\"container\" data-settings=\"{&quot;background_background&quot;:&quot;classic&quot;}\">\n\t\t\t\t<\/div>\n\t\t\t\t<\/div>\n\t\t","protected":false},"excerpt":{"rendered":"<p>BLOG \u00c7al\u0131\u015fma Verimlili\u011fi Bahar Geldi: \u00c7al\u0131\u015fma Hayat\u0131n\u0131za Tazelik Katman\u0131n Zaman\u0131! \ud83c\udf38 26\/03\/2025 Bahar, do\u011fan\u0131n yeniden uyan\u0131\u015f\u0131n\u0131 simgeler. G\u00fcne\u015f y\u00fcz\u00fcn\u00fc daha s\u0131k g\u00f6sterir,&#8230; Devam\u0131n\u0131 oku \u0130\u015f D\u00fcnyas\u0131 \u0130\u015f-Ya\u015fam Dengesi: Profesyonel \u00c7al\u0131\u015fma Ortamlar\u0131n\u0131n \u00d6nemi 05\/12\/2024 \u0130\u015f-Ya\u015fam Dengesini Kurman\u0131n G\u00fcc\u00fc Hepimiz i\u015f ve \u00f6zel hayat\u0131m\u0131z aras\u0131nda&#8230; Devam\u0131n\u0131 oku Yeni Nesil Ofis Bodrum&#8217;da Ofis \u0130htiya\u00e7lar\u0131n\u0131z\u0131 Kar\u015f\u0131lamak \u0130\u00e7in 3 Farkl\u0131 [&hellip;]<\/p>\n","protected":false},"author":2,"featured_media":0,"parent":0,"menu_order":0,"comment_status":"closed","ping_status":"closed","template":"","meta":{"_monsterinsights_skip_tracking":false,"_monsterinsights_sitenote_active":false,"_monsterinsights_sitenote_note":"","_monsterinsights_sitenote_category":0,"footnotes":""},"class_list":["post-905","page","type-page","status-publish","hentry"],"yoast_head":"<!-- This site is optimized with the Yoast SEO plugin v26.6 - https:\/\/yoast.com\/wordpress\/plugins\/seo\/ -->\n<title>Blog - Cosmo Office<\/title>\n<meta name=\"robots\" content=\"index, follow, max-snippet:-1, max-image-preview:large, max-video-preview:-1\" \/>\n<link rel=\"canonical\" href=\"https:\/\/www.cosmooffice.co\/index.php\/blog-2\/\" \/>\n<meta property=\"og:locale\" content=\"tr_TR\" \/>\n<meta property=\"og:type\" content=\"article\" \/>\n<meta property=\"og:title\" content=\"Blog - Cosmo Office\" \/>\n<meta property=\"og:description\" content=\"BLOG \u00c7al\u0131\u015fma Verimlili\u011fi Bahar Geldi: \u00c7al\u0131\u015fma Hayat\u0131n\u0131za Tazelik Katman\u0131n Zaman\u0131! \ud83c\udf38 26\/03\/2025 Bahar, do\u011fan\u0131n yeniden uyan\u0131\u015f\u0131n\u0131 simgeler. G\u00fcne\u015f y\u00fcz\u00fcn\u00fc daha s\u0131k g\u00f6sterir,&#8230; Devam\u0131n\u0131 oku \u0130\u015f D\u00fcnyas\u0131 \u0130\u015f-Ya\u015fam Dengesi: Profesyonel \u00c7al\u0131\u015fma Ortamlar\u0131n\u0131n \u00d6nemi 05\/12\/2024 \u0130\u015f-Ya\u015fam Dengesini Kurman\u0131n G\u00fcc\u00fc Hepimiz i\u015f ve \u00f6zel hayat\u0131m\u0131z aras\u0131nda&#8230; Devam\u0131n\u0131 oku Yeni Nesil Ofis Bodrum&#8217;da Ofis \u0130htiya\u00e7lar\u0131n\u0131z\u0131 Kar\u015f\u0131lamak \u0130\u00e7in 3 Farkl\u0131 [&hellip;]\" \/>\n<meta property=\"og:url\" content=\"https:\/\/www.cosmooffice.co\/index.php\/blog-2\/\" \/>\n<meta property=\"og:site_name\" content=\"Cosmo Office\" \/>\n<meta property=\"article:publisher\" content=\"https:\/\/www.facebook.com\/search\/top?q=cosmooffice\" \/>\n<meta property=\"article:modified_time\" content=\"2025-07-28T13:02:16+00:00\" \/>\n<meta property=\"og:image\" content=\"https:\/\/www.cosmooffice.co\/wp-content\/uploads\/2024\/09\/2-sanal-ofis.jpg\" \/>\n\t<meta property=\"og:image:width\" content=\"599\" \/>\n\t<meta property=\"og:image:height\" content=\"600\" \/>\n\t<meta property=\"og:image:type\" content=\"image\/jpeg\" \/>\n<meta name=\"twitter:card\" content=\"summary_large_image\" \/>\n<meta name=\"twitter:label1\" content=\"Tahmini okuma s\u00fcresi\" \/>\n\t<meta name=\"twitter:data1\" content=\"1 dakika\" \/>\n<script type=\"application\/ld+json\" class=\"yoast-schema-graph\">{\"@context\":\"https:\/\/schema.org\",\"@graph\":[{\"@type\":\"WebPage\",\"@id\":\"https:\/\/www.cosmooffice.co\/index.php\/blog-2\/\",\"url\":\"https:\/\/www.cosmooffice.co\/index.php\/blog-2\/\",\"name\":\"Blog - Cosmo Office\",\"isPartOf\":{\"@id\":\"https:\/\/www.cosmooffice.co\/#website\"},\"datePublished\":\"2024-11-28T11:48:29+00:00\",\"dateModified\":\"2025-07-28T13:02:16+00:00\",\"breadcrumb\":{\"@id\":\"https:\/\/www.cosmooffice.co\/index.php\/blog-2\/#breadcrumb\"},\"inLanguage\":\"tr\",\"potentialAction\":[{\"@type\":\"ReadAction\",\"target\":[\"https:\/\/www.cosmooffice.co\/index.php\/blog-2\/\"]}]},{\"@type\":\"BreadcrumbList\",\"@id\":\"https:\/\/www.cosmooffice.co\/index.php\/blog-2\/#breadcrumb\",\"itemListElement\":[{\"@type\":\"ListItem\",\"position\":1,\"name\":\"Anasayfa\",\"item\":\"https:\/\/www.cosmooffice.co\/\"},{\"@type\":\"ListItem\",\"position\":2,\"name\":\"Blog\"}]},{\"@type\":\"WebSite\",\"@id\":\"https:\/\/www.cosmooffice.co\/#website\",\"url\":\"https:\/\/www.cosmooffice.co\/\",\"name\":\"Cosmo Office\",\"description\":\"De\u011fi\u015fen \u0130htiya\u00e7lara, Yenilenen \u00c7al\u0131\u015fma Alanlar\u0131\",\"publisher\":{\"@id\":\"https:\/\/www.cosmooffice.co\/#organization\"},\"alternateName\":\"Cosmo Office Bodrum\",\"potentialAction\":[{\"@type\":\"SearchAction\",\"target\":{\"@type\":\"EntryPoint\",\"urlTemplate\":\"https:\/\/www.cosmooffice.co\/?s={search_term_string}\"},\"query-input\":{\"@type\":\"PropertyValueSpecification\",\"valueRequired\":true,\"valueName\":\"search_term_string\"}}],\"inLanguage\":\"tr\"},{\"@type\":\"Organization\",\"@id\":\"https:\/\/www.cosmooffice.co\/#organization\",\"name\":\"Cosmo Office\",\"alternateName\":\"Cosmo Office Bodrum\",\"url\":\"https:\/\/www.cosmooffice.co\/\",\"logo\":{\"@type\":\"ImageObject\",\"inLanguage\":\"tr\",\"@id\":\"https:\/\/www.cosmooffice.co\/#\/schema\/logo\/image\/\",\"url\":\"https:\/\/www.cosmooffice.co\/wp-content\/uploads\/2024\/10\/cosmo_logo_kullanimlari_Calisma-Yuzeyi-1.png\",\"contentUrl\":\"https:\/\/www.cosmooffice.co\/wp-content\/uploads\/2024\/10\/cosmo_logo_kullanimlari_Calisma-Yuzeyi-1.png\",\"width\":1241,\"height\":878,\"caption\":\"Cosmo Office\"},\"image\":{\"@id\":\"https:\/\/www.cosmooffice.co\/#\/schema\/logo\/image\/\"},\"sameAs\":[\"https:\/\/www.facebook.com\/search\/top?q=cosmooffice\",\"https:\/\/www.instagram.com\/cosmo.office\/\"]}]}<\/script>\n<!-- \/ Yoast SEO plugin. -->","yoast_head_json":{"title":"Blog - Cosmo Office","robots":{"index":"index","follow":"follow","max-snippet":"max-snippet:-1","max-image-preview":"max-image-preview:large","max-video-preview":"max-video-preview:-1"},"canonical":"https:\/\/www.cosmooffice.co\/index.php\/blog-2\/","og_locale":"tr_TR","og_type":"article","og_title":"Blog - Cosmo Office","og_description":"BLOG \u00c7al\u0131\u015fma Verimlili\u011fi Bahar Geldi: \u00c7al\u0131\u015fma Hayat\u0131n\u0131za Tazelik Katman\u0131n Zaman\u0131! \ud83c\udf38 26\/03\/2025 Bahar, do\u011fan\u0131n yeniden uyan\u0131\u015f\u0131n\u0131 simgeler. G\u00fcne\u015f y\u00fcz\u00fcn\u00fc daha s\u0131k g\u00f6sterir,&#8230; Devam\u0131n\u0131 oku \u0130\u015f D\u00fcnyas\u0131 \u0130\u015f-Ya\u015fam Dengesi: Profesyonel \u00c7al\u0131\u015fma Ortamlar\u0131n\u0131n \u00d6nemi 05\/12\/2024 \u0130\u015f-Ya\u015fam Dengesini Kurman\u0131n G\u00fcc\u00fc Hepimiz i\u015f ve \u00f6zel hayat\u0131m\u0131z aras\u0131nda&#8230; Devam\u0131n\u0131 oku Yeni Nesil Ofis Bodrum&#8217;da Ofis \u0130htiya\u00e7lar\u0131n\u0131z\u0131 Kar\u015f\u0131lamak \u0130\u00e7in 3 Farkl\u0131 [&hellip;]","og_url":"https:\/\/www.cosmooffice.co\/index.php\/blog-2\/","og_site_name":"Cosmo Office","article_publisher":"https:\/\/www.facebook.com\/search\/top?q=cosmooffice","article_modified_time":"2025-07-28T13:02:16+00:00","og_image":[{"width":599,"height":600,"url":"https:\/\/www.cosmooffice.co\/wp-content\/uploads\/2024\/09\/2-sanal-ofis.jpg","type":"image\/jpeg"}],"twitter_card":"summary_large_image","twitter_misc":{"Tahmini okuma s\u00fcresi":"1 dakika"},"schema":{"@context":"https:\/\/schema.org","@graph":[{"@type":"WebPage","@id":"https:\/\/www.cosmooffice.co\/index.php\/blog-2\/","url":"https:\/\/www.cosmooffice.co\/index.php\/blog-2\/","name":"Blog - Cosmo Office","isPartOf":{"@id":"https:\/\/www.cosmooffice.co\/#website"},"datePublished":"2024-11-28T11:48:29+00:00","dateModified":"2025-07-28T13:02:16+00:00","breadcrumb":{"@id":"https:\/\/www.cosmooffice.co\/index.php\/blog-2\/#breadcrumb"},"inLanguage":"tr","potentialAction":[{"@type":"ReadAction","target":["https:\/\/www.cosmooffice.co\/index.php\/blog-2\/"]}]},{"@type":"BreadcrumbList","@id":"https:\/\/www.cosmooffice.co\/index.php\/blog-2\/#breadcrumb","itemListElement":[{"@type":"ListItem","position":1,"name":"Anasayfa","item":"https:\/\/www.cosmooffice.co\/"},{"@type":"ListItem","position":2,"name":"Blog"}]},{"@type":"WebSite","@id":"https:\/\/www.cosmooffice.co\/#website","url":"https:\/\/www.cosmooffice.co\/","name":"Cosmo Office","description":"De\u011fi\u015fen \u0130htiya\u00e7lara, Yenilenen \u00c7al\u0131\u015fma Alanlar\u0131","publisher":{"@id":"https:\/\/www.cosmooffice.co\/#organization"},"alternateName":"Cosmo Office Bodrum","potentialAction":[{"@type":"SearchAction","target":{"@type":"EntryPoint","urlTemplate":"https:\/\/www.cosmooffice.co\/?s={search_term_string}"},"query-input":{"@type":"PropertyValueSpecification","valueRequired":true,"valueName":"search_term_string"}}],"inLanguage":"tr"},{"@type":"Organization","@id":"https:\/\/www.cosmooffice.co\/#organization","name":"Cosmo Office","alternateName":"Cosmo Office Bodrum","url":"https:\/\/www.cosmooffice.co\/","logo":{"@type":"ImageObject","inLanguage":"tr","@id":"https:\/\/www.cosmooffice.co\/#\/schema\/logo\/image\/","url":"https:\/\/www.cosmooffice.co\/wp-content\/uploads\/2024\/10\/cosmo_logo_kullanimlari_Calisma-Yuzeyi-1.png","contentUrl":"https:\/\/www.cosmooffice.co\/wp-content\/uploads\/2024\/10\/cosmo_logo_kullanimlari_Calisma-Yuzeyi-1.png","width":1241,"height":878,"caption":"Cosmo Office"},"image":{"@id":"https:\/\/www.cosmooffice.co\/#\/schema\/logo\/image\/"},"sameAs":["https:\/\/www.facebook.com\/search\/top?q=cosmooffice","https:\/\/www.instagram.com\/cosmo.office\/"]}]}},"_links":{"self":[{"href":"https:\/\/www.cosmooffice.co\/index.php\/wp-json\/wp\/v2\/pages\/905","targetHints":{"allow":["GET"]}}],"collection":[{"href":"https:\/\/www.cosmooffice.co\/index.php\/wp-json\/wp\/v2\/pages"}],"about":[{"href":"https:\/\/www.cosmooffice.co\/index.php\/wp-json\/wp\/v2\/types\/page"}],"author":[{"embeddable":true,"href":"https:\/\/www.cosmooffice.co\/index.php\/wp-json\/wp\/v2\/users\/2"}],"replies":[{"embeddable":true,"href":"https:\/\/www.cosmooffice.co\/index.php\/wp-json\/wp\/v2\/comments?post=905"}],"version-history":[{"count":4,"href":"https:\/\/www.cosmooffice.co\/index.php\/wp-json\/wp\/v2\/pages\/905\/revisions"}],"predecessor-version":[{"id":1155,"href":"https:\/\/www.cosmooffice.co\/index.php\/wp-json\/wp\/v2\/pages\/905\/revisions\/1155"}],"wp:attachment":[{"href":"https:\/\/www.cosmooffice.co\/index.php\/wp-json\/wp\/v2\/media?parent=905"}],"curies":[{"name":"wp","href":"https:\/\/api.w.org\/{rel}","templated":true}]}}