{"id":239,"date":"2024-09-10T17:21:10","date_gmt":"2024-09-10T14:21:10","guid":{"rendered":"https:\/\/www.cosmooffice.co\/?page_id=239"},"modified":"2026-03-06T16:40:33","modified_gmt":"2026-03-06T13:40:33","slug":"hakkimizda","status":"publish","type":"page","link":"https:\/\/www.cosmooffice.co\/index.php\/hakkimizda\/","title":{"rendered":"HAKKIMIZDA"},"content":{"rendered":"\t\t<div data-elementor-type=\"wp-page\" data-elementor-id=\"239\" class=\"elementor elementor-239\" data-elementor-post-type=\"page\">\n\t\t\t\t<div class=\"elementor-element elementor-element-ca66b3d e-flex e-con-boxed e-con e-parent\" data-id=\"ca66b3d\" data-element_type=\"container\">\n\t\t\t\t\t<div class=\"e-con-inner\">\n\t\t\t\t<div class=\"elementor-element elementor-element-a91a017 elementor-widget__width-inherit elementor-widget elementor-widget-heading\" data-id=\"a91a017\" data-element_type=\"widget\" data-widget_type=\"heading.default\">\n\t\t\t\t<div class=\"elementor-widget-container\">\n\t\t\t\t\t<h3 class=\"elementor-heading-title elementor-size-default\">HAKKIMIZDA<\/h3>\t\t\t\t<\/div>\n\t\t\t\t<\/div>\n\t\t\t\t\t<\/div>\n\t\t\t\t<\/div>\n\t\t<div class=\"elementor-element elementor-element-d363009 e-con-full e-flex e-con e-parent\" data-id=\"d363009\" data-element_type=\"container\" data-settings=\"{&quot;background_background&quot;:&quot;classic&quot;}\">\n\t\t\t\t<\/div>\n\t\t<div class=\"elementor-element elementor-element-119d459 e-flex e-con-boxed e-con e-parent\" data-id=\"119d459\" data-element_type=\"container\">\n\t\t\t\t\t<div class=\"e-con-inner\">\n\t\t\t\t<div class=\"elementor-element elementor-element-848505b elementor-widget elementor-widget-text-editor\" data-id=\"848505b\" data-element_type=\"widget\" data-widget_type=\"text-editor.default\">\n\t\t\t\t<div class=\"elementor-widget-container\">\n\t\t\t\t\t\t\t\t\t<p>Bodrum ofis hakk\u0131m\u0131zda<\/p>\t\t\t\t\t\t\t\t<\/div>\n\t\t\t\t<\/div>\n\t\t\t\t\t<\/div>\n\t\t\t\t<\/div>\n\t\t<div class=\"elementor-element elementor-element-bb85d6a e-grid e-con-boxed e-con e-parent\" data-id=\"bb85d6a\" data-element_type=\"container\">\n\t\t\t\t\t<div class=\"e-con-inner\">\n\t\t\t\t<div class=\"elementor-element elementor-element-f3f9da9 elementor-widget__width-initial elementor-widget elementor-widget-image\" data-id=\"f3f9da9\" data-element_type=\"widget\" data-widget_type=\"image.default\">\n\t\t\t\t<div class=\"elementor-widget-container\">\n\t\t\t\t\t\t\t\t\t\t\t\t\t\t\t<img fetchpriority=\"high\" decoding=\"async\" width=\"1024\" height=\"819\" src=\"https:\/\/www.cosmooffice.co\/wp-content\/uploads\/2026\/03\/3WEB-1-1024x819.jpg\" class=\"attachment-large size-large wp-image-1168\" alt=\"\" srcset=\"https:\/\/www.cosmooffice.co\/wp-content\/uploads\/2026\/03\/3WEB-1-1024x819.jpg 1024w, https:\/\/www.cosmooffice.co\/wp-content\/uploads\/2026\/03\/3WEB-1-300x240.jpg 300w, https:\/\/www.cosmooffice.co\/wp-content\/uploads\/2026\/03\/3WEB-1-768x614.jpg 768w, https:\/\/www.cosmooffice.co\/wp-content\/uploads\/2026\/03\/3WEB-1-1536x1229.jpg 1536w, https:\/\/www.cosmooffice.co\/wp-content\/uploads\/2026\/03\/3WEB-1-2048x1638.jpg 2048w\" sizes=\"(max-width: 1024px) 100vw, 1024px\" \/>\t\t\t\t\t\t\t\t\t\t\t\t\t\t\t<\/div>\n\t\t\t\t<\/div>\n\t\t\t\t<div class=\"elementor-element elementor-element-317b335 elementor-widget__width-initial elementor-widget elementor-widget-text-editor\" data-id=\"317b335\" data-element_type=\"widget\" data-widget_type=\"text-editor.default\">\n\t\t\t\t<div class=\"elementor-widget-container\">\n\t\t\t\t\t\t\t\t\t<p><strong style=\"letter-spacing: 0px;\"><span style=\"color: #ff9900;\">Biz Siziz!<\/span><\/strong><\/p><p><span style=\"color: #808080;\">2018 Eyl\u00fcl ay\u0131nda, \u201c<em>De\u011fi\u015fen \u0130htiya\u00e7lar &amp; Yenilenen \u00c7al\u0131\u015fma Alanlar\u0131<\/em>\u201d mottosuyla COSMO OFFICE\u2019i kurduk. Bizden \u00e7ok <strong>\u201csiz ne istersiniz\u201d<\/strong> d\u00fc\u015f\u00fcncesi ile yola \u00e7\u0131kt\u0131k. Kullan\u0131c\u0131lar\u0131m\u0131z\u0131n da ihtiya\u00e7lar\u0131na kulak vererek <strong>\u201c\u00e7\u00f6z\u00fcm odakl\u0131\u201d<\/strong> bir yakla\u015f\u0131mla ilerledik.<\/span><\/p><p><span style=\"color: #808080;\">Tam olarak neye ihtiyac\u0131n\u0131z var? COSMO OFFICE i\u00e7in \u00f6nemli olan tam da buydu\u2026<\/span><\/p><p><span style=\"color: #808080;\">Zaman zaman bir y\u0131ld\u0131z, zaman zaman kozmo olduk; bazen kalabal\u0131k, bazen tek bir b\u00fct\u00fcn olduk. Alanlar\u0131m\u0131z\u0131, taleplere \u00f6zel alternatifler sunabilecek \u015fekilde tasarlad\u0131k.<\/span><\/p>\t\t\t\t\t\t\t\t<\/div>\n\t\t\t\t<\/div>\n\t\t\t\t<div class=\"elementor-element elementor-element-94781e1 elementor-widget elementor-widget-text-editor\" data-id=\"94781e1\" data-element_type=\"widget\" data-widget_type=\"text-editor.default\">\n\t\t\t\t<div class=\"elementor-widget-container\">\n\t\t\t\t\t\t\t\t\t<p><span style=\"color: #808080;\">Kendine ait izole bir alanda \u00e7al\u0131\u015fmay\u0131 tercih edenler i\u00e7in <span style=\"color: #ff9900;\">haz\u0131r ofislerimizi,<\/span><\/span><\/p><p><span style=\"color: #808080;\">Belirli bir fiziksel alana ba\u011fl\u0131 kalmadan <strong>\u201cben buraday\u0131m\u201d<\/strong> diyenler i\u00e7in <span style=\"color: #ff9900;\">sanal ofislerimizi<\/span> tasarlad\u0131k.<\/span><\/p><p><span style=\"color: #808080;\">Kendine veya misafirlerine \u00f6zel alanlar olu\u015fturarak g\u00f6r\u00fc\u015fmelerini yapmak isteyenlere, farkl\u0131 kapasiteleri ile <span style=\"color: #ff9900;\">toplant\u0131 odalar\u0131m\u0131zla<\/span> <strong>\u201csizlerleyiz\u201d<\/strong> dedik.<\/span><\/p><p><span style=\"color: #808080;\">K\u0131saca <strong>\u201cBiz Kimiz\u201d<\/strong> diye sordu\u011fumuzda bizi en iyi anlatan cevap <strong>\u201csiz\u201d<\/strong> olabilmek, COSMO\u2019nun kap\u0131lar\u0131n\u0131 herkese a\u00e7abilmekti.\u00a0 <\/span><span style=\"color: #808080;\">\u015eimdi ise kap\u0131lar\u0131m\u0131z\u0131 sizlere a\u00e7\u0131k tutman\u0131n mutlulu\u011funu ya\u015f\u0131yoruz.<\/span><\/p>\t\t\t\t\t\t\t\t<\/div>\n\t\t\t\t<\/div>\n\t\t\t\t<div class=\"elementor-element elementor-element-04a918e elementor-widget elementor-widget-image\" data-id=\"04a918e\" data-element_type=\"widget\" data-widget_type=\"image.default\">\n\t\t\t\t<div class=\"elementor-widget-container\">\n\t\t\t\t\t\t\t\t\t\t\t\t\t\t\t<img decoding=\"async\" width=\"1024\" height=\"576\" src=\"https:\/\/www.cosmooffice.co\/wp-content\/uploads\/2024\/10\/DETAY12-1024x576.jpg\" class=\"attachment-large size-large wp-image-368\" alt=\"\" srcset=\"https:\/\/www.cosmooffice.co\/wp-content\/uploads\/2024\/10\/DETAY12-1024x576.jpg 1024w, https:\/\/www.cosmooffice.co\/wp-content\/uploads\/2024\/10\/DETAY12-600x338.jpg 600w, https:\/\/www.cosmooffice.co\/wp-content\/uploads\/2024\/10\/DETAY12-300x169.jpg 300w, https:\/\/www.cosmooffice.co\/wp-content\/uploads\/2024\/10\/DETAY12-768x432.jpg 768w, https:\/\/www.cosmooffice.co\/wp-content\/uploads\/2024\/10\/DETAY12.jpg 1368w\" sizes=\"(max-width: 1024px) 100vw, 1024px\" \/>\t\t\t\t\t\t\t\t\t\t\t\t\t\t\t<\/div>\n\t\t\t\t<\/div>\n\t\t\t\t\t<\/div>\n\t\t\t\t<\/div>\n\t\t<div class=\"elementor-element elementor-element-21725aa e-flex e-con-boxed e-con e-parent\" data-id=\"21725aa\" data-element_type=\"container\">\n\t\t\t\t\t<div class=\"e-con-inner\">\n\t\t\t\t<div class=\"elementor-element elementor-element-a3d8b69 elementor-widget elementor-widget-spacer\" data-id=\"a3d8b69\" data-element_type=\"widget\" data-widget_type=\"spacer.default\">\n\t\t\t\t<div class=\"elementor-widget-container\">\n\t\t\t\t\t\t\t<div class=\"elementor-spacer\">\n\t\t\t<div class=\"elementor-spacer-inner\"><\/div>\n\t\t<\/div>\n\t\t\t\t\t\t<\/div>\n\t\t\t\t<\/div>\n\t\t\t\t\t<\/div>\n\t\t\t\t<\/div>\n\t\t<div class=\"elementor-element elementor-element-0a12209 e-flex e-con-boxed e-con e-parent\" data-id=\"0a12209\" data-element_type=\"container\">\n\t\t\t\t\t<div class=\"e-con-inner\">\n\t\t\t\t<div class=\"elementor-element elementor-element-88c4ae2 elementor-widget elementor-widget-heading\" data-id=\"88c4ae2\" data-element_type=\"widget\" data-widget_type=\"heading.default\">\n\t\t\t\t<div class=\"elementor-widget-container\">\n\t\t\t\t\t<h2 class=\"elementor-heading-title elementor-size-default\">COSMOLU OLMAK<\/h2>\t\t\t\t<\/div>\n\t\t\t\t<\/div>\n\t\t\t\t\t<\/div>\n\t\t\t\t<\/div>\n\t\t<div class=\"elementor-element elementor-element-7d61fb9 e-grid e-con-boxed e-con e-parent\" data-id=\"7d61fb9\" data-element_type=\"container\">\n\t\t\t\t\t<div class=\"e-con-inner\">\n\t\t\t\t<div class=\"elementor-element elementor-element-39ace42 elementor-widget elementor-widget-image\" data-id=\"39ace42\" data-element_type=\"widget\" data-widget_type=\"image.default\">\n\t\t\t\t<div class=\"elementor-widget-container\">\n\t\t\t\t\t\t\t\t\t\t\t\t\t\t\t<img decoding=\"async\" width=\"599\" height=\"600\" src=\"https:\/\/www.cosmooffice.co\/wp-content\/uploads\/2024\/09\/2-sanal-ofis.jpg\" class=\"attachment-large size-large wp-image-326\" alt=\"\" srcset=\"https:\/\/www.cosmooffice.co\/wp-content\/uploads\/2024\/09\/2-sanal-ofis.jpg 599w, https:\/\/www.cosmooffice.co\/wp-content\/uploads\/2024\/09\/2-sanal-ofis-100x100.jpg 100w, https:\/\/www.cosmooffice.co\/wp-content\/uploads\/2024\/09\/2-sanal-ofis-300x300.jpg 300w, https:\/\/www.cosmooffice.co\/wp-content\/uploads\/2024\/09\/2-sanal-ofis-150x150.jpg 150w\" sizes=\"(max-width: 599px) 100vw, 599px\" \/>\t\t\t\t\t\t\t\t\t\t\t\t\t\t\t<\/div>\n\t\t\t\t<\/div>\n\t\t\t\t<div class=\"elementor-element elementor-element-49705c6 elementor-widget elementor-widget-text-editor\" data-id=\"49705c6\" data-element_type=\"widget\" data-widget_type=\"text-editor.default\">\n\t\t\t\t<div class=\"elementor-widget-container\">\n\t\t\t\t\t\t\t\t\t<p><span style=\"color: #808080;\">COSMOLU olman\u0131n avantajlar\u0131 sadece i\u015finizi yapmakla s\u0131n\u0131rl\u0131 de\u011fil, ayn\u0131 zamanda bir toplulu\u011fun par\u00e7as\u0131 olman\u0131n getirdi\u011fi ek f\u0131rsatlar\u0131 da beraberinde getirir. <\/span><span style=\"color: #808080;\">\u0130\u015f d\u00fcnyas\u0131nda \u00f6ne \u00e7\u0131kmak, sadece bir i\u015f alan\u0131 de\u011fil, ayn\u0131 zamanda bir i\u015f ortakl\u0131\u011f\u0131 ve destek a\u011f\u0131 bulmakt\u0131r. <\/span><\/p><p><span style=\"color: #808080;\">COSMO Office, size i\u015finizi geli\u015ftirmeniz i\u00e7in gerekli altyap\u0131y\u0131 sa\u011flaman\u0131n yan\u0131 s\u0131ra, farkl\u0131 sekt\u00f6rlerden insanlarla ba\u011flant\u0131 kurma ve i\u015fbirli\u011fi yapma imkan\u0131 sunar. <\/span><\/p><p><span style=\"color: #808080;\">COSMOLU olmak, i\u015f d\u00fcnyas\u0131nda ba\u015far\u0131ya giden yolda size rehberlik ederken, ayn\u0131 zamanda birlikte b\u00fcy\u00fcmenin keyfini ya\u015faman\u0131z\u0131 sa\u011flar. <\/span><span style=\"color: #808080;\">COSMO Office ile i\u015finizi istedi\u011finiz gibi yap\u0131n, zaman\u0131n\u0131z\u0131 verimli kullan\u0131n ve i\u015f d\u00fcnyas\u0131ndaki yerinizi \u015fekillendirin.<\/span><\/p>\t\t\t\t\t\t\t\t<\/div>\n\t\t\t\t<\/div>\n\t\t\t\t\t<\/div>\n\t\t\t\t<\/div>\n\t\t\t\t<\/div>\n\t\t","protected":false},"excerpt":{"rendered":"<p>HAKKIMIZDA Bodrum ofis hakk\u0131m\u0131zda Biz Siziz! 2018 Eyl\u00fcl ay\u0131nda, \u201cDe\u011fi\u015fen \u0130htiya\u00e7lar &amp; Yenilenen \u00c7al\u0131\u015fma Alanlar\u0131\u201d mottosuyla COSMO OFFICE\u2019i kurduk. Bizden \u00e7ok \u201csiz ne istersiniz\u201d d\u00fc\u015f\u00fcncesi ile yola \u00e7\u0131kt\u0131k. Kullan\u0131c\u0131lar\u0131m\u0131z\u0131n da ihtiya\u00e7lar\u0131na kulak vererek \u201c\u00e7\u00f6z\u00fcm odakl\u0131\u201d bir yakla\u015f\u0131mla ilerledik. Tam olarak neye ihtiyac\u0131n\u0131z var? COSMO OFFICE i\u00e7in \u00f6nemli olan tam da buydu\u2026 Zaman zaman bir y\u0131ld\u0131z, [&hellip;]<\/p>\n","protected":false},"author":2,"featured_media":0,"parent":0,"menu_order":0,"comment_status":"closed","ping_status":"closed","template":"","meta":{"_monsterinsights_skip_tracking":false,"_monsterinsights_sitenote_active":false,"_monsterinsights_sitenote_note":"","_monsterinsights_sitenote_category":0,"footnotes":""},"class_list":["post-239","page","type-page","status-publish","hentry"],"yoast_head":"<!-- This site is optimized with the Yoast SEO plugin v26.6 - https:\/\/yoast.com\/wordpress\/plugins\/seo\/ -->\n<title>Cosmo Office - HAKKIMIZDA<\/title>\n<meta name=\"description\" content=\"Hakk\u0131m\u0131zda: Haz\u0131r Ofis - Sanal Ofis - Toplant\u0131 Odalar\u0131 - ile Bodrum&#039;da ofis hizmeti\" \/>\n<meta name=\"robots\" content=\"index, follow, max-snippet:-1, max-image-preview:large, max-video-preview:-1\" \/>\n<link rel=\"canonical\" href=\"https:\/\/www.cosmooffice.co\/index.php\/hakkimizda\/\" \/>\n<meta property=\"og:locale\" content=\"tr_TR\" \/>\n<meta property=\"og:type\" content=\"article\" \/>\n<meta property=\"og:title\" content=\"Cosmo Office - HAKKIMIZDA\" \/>\n<meta property=\"og:description\" content=\"Hakk\u0131m\u0131zda: Haz\u0131r Ofis - Sanal Ofis - Toplant\u0131 Odalar\u0131 - ile Bodrum&#039;da ofis hizmeti\" \/>\n<meta property=\"og:url\" content=\"https:\/\/www.cosmooffice.co\/index.php\/hakkimizda\/\" \/>\n<meta property=\"og:site_name\" content=\"Cosmo Office\" \/>\n<meta property=\"article:publisher\" content=\"https:\/\/www.facebook.com\/search\/top?q=cosmooffice\" \/>\n<meta property=\"article:modified_time\" content=\"2026-03-06T13:40:33+00:00\" \/>\n<meta property=\"og:image\" content=\"https:\/\/www.cosmooffice.co\/wp-content\/uploads\/2026\/03\/3WEB-1-scaled.jpg\" \/>\n\t<meta property=\"og:image:width\" content=\"2560\" \/>\n\t<meta property=\"og:image:height\" content=\"2048\" \/>\n\t<meta property=\"og:image:type\" content=\"image\/jpeg\" \/>\n<meta name=\"twitter:card\" content=\"summary_large_image\" \/>\n<meta name=\"twitter:label1\" content=\"Tahmini okuma s\u00fcresi\" \/>\n\t<meta name=\"twitter:data1\" content=\"2 dakika\" \/>\n<script type=\"application\/ld+json\" class=\"yoast-schema-graph\">{\"@context\":\"https:\/\/schema.org\",\"@graph\":[{\"@type\":\"WebPage\",\"@id\":\"https:\/\/www.cosmooffice.co\/index.php\/hakkimizda\/\",\"url\":\"https:\/\/www.cosmooffice.co\/index.php\/hakkimizda\/\",\"name\":\"Cosmo Office - HAKKIMIZDA\",\"isPartOf\":{\"@id\":\"https:\/\/www.cosmooffice.co\/#website\"},\"primaryImageOfPage\":{\"@id\":\"https:\/\/www.cosmooffice.co\/index.php\/hakkimizda\/#primaryimage\"},\"image\":{\"@id\":\"https:\/\/www.cosmooffice.co\/index.php\/hakkimizda\/#primaryimage\"},\"thumbnailUrl\":\"https:\/\/www.cosmooffice.co\/wp-content\/uploads\/2026\/03\/3WEB-1-1024x819.jpg\",\"datePublished\":\"2024-09-10T14:21:10+00:00\",\"dateModified\":\"2026-03-06T13:40:33+00:00\",\"description\":\"Hakk\u0131m\u0131zda: Haz\u0131r Ofis - Sanal Ofis - Toplant\u0131 Odalar\u0131 - ile Bodrum'da ofis hizmeti\",\"breadcrumb\":{\"@id\":\"https:\/\/www.cosmooffice.co\/index.php\/hakkimizda\/#breadcrumb\"},\"inLanguage\":\"tr\",\"potentialAction\":[{\"@type\":\"ReadAction\",\"target\":[\"https:\/\/www.cosmooffice.co\/index.php\/hakkimizda\/\"]}]},{\"@type\":\"ImageObject\",\"inLanguage\":\"tr\",\"@id\":\"https:\/\/www.cosmooffice.co\/index.php\/hakkimizda\/#primaryimage\",\"url\":\"https:\/\/www.cosmooffice.co\/wp-content\/uploads\/2026\/03\/3WEB-1-scaled.jpg\",\"contentUrl\":\"https:\/\/www.cosmooffice.co\/wp-content\/uploads\/2026\/03\/3WEB-1-scaled.jpg\",\"width\":2560,\"height\":2048},{\"@type\":\"BreadcrumbList\",\"@id\":\"https:\/\/www.cosmooffice.co\/index.php\/hakkimizda\/#breadcrumb\",\"itemListElement\":[{\"@type\":\"ListItem\",\"position\":1,\"name\":\"Anasayfa\",\"item\":\"https:\/\/www.cosmooffice.co\/\"},{\"@type\":\"ListItem\",\"position\":2,\"name\":\"HAKKIMIZDA\"}]},{\"@type\":\"WebSite\",\"@id\":\"https:\/\/www.cosmooffice.co\/#website\",\"url\":\"https:\/\/www.cosmooffice.co\/\",\"name\":\"Cosmo Office\",\"description\":\"De\u011fi\u015fen \u0130htiya\u00e7lara, Yenilenen \u00c7al\u0131\u015fma Alanlar\u0131\",\"publisher\":{\"@id\":\"https:\/\/www.cosmooffice.co\/#organization\"},\"alternateName\":\"Cosmo Office Bodrum\",\"potentialAction\":[{\"@type\":\"SearchAction\",\"target\":{\"@type\":\"EntryPoint\",\"urlTemplate\":\"https:\/\/www.cosmooffice.co\/?s={search_term_string}\"},\"query-input\":{\"@type\":\"PropertyValueSpecification\",\"valueRequired\":true,\"valueName\":\"search_term_string\"}}],\"inLanguage\":\"tr\"},{\"@type\":\"Organization\",\"@id\":\"https:\/\/www.cosmooffice.co\/#organization\",\"name\":\"Cosmo Office\",\"alternateName\":\"Cosmo Office Bodrum\",\"url\":\"https:\/\/www.cosmooffice.co\/\",\"logo\":{\"@type\":\"ImageObject\",\"inLanguage\":\"tr\",\"@id\":\"https:\/\/www.cosmooffice.co\/#\/schema\/logo\/image\/\",\"url\":\"https:\/\/www.cosmooffice.co\/wp-content\/uploads\/2024\/10\/cosmo_logo_kullanimlari_Calisma-Yuzeyi-1.png\",\"contentUrl\":\"https:\/\/www.cosmooffice.co\/wp-content\/uploads\/2024\/10\/cosmo_logo_kullanimlari_Calisma-Yuzeyi-1.png\",\"width\":1241,\"height\":878,\"caption\":\"Cosmo Office\"},\"image\":{\"@id\":\"https:\/\/www.cosmooffice.co\/#\/schema\/logo\/image\/\"},\"sameAs\":[\"https:\/\/www.facebook.com\/search\/top?q=cosmooffice\",\"https:\/\/www.instagram.com\/cosmo.office\/\"]}]}<\/script>\n<!-- \/ Yoast SEO plugin. -->","yoast_head_json":{"title":"Cosmo Office - HAKKIMIZDA","description":"Hakk\u0131m\u0131zda: Haz\u0131r Ofis - Sanal Ofis - Toplant\u0131 Odalar\u0131 - ile Bodrum'da ofis hizmeti","robots":{"index":"index","follow":"follow","max-snippet":"max-snippet:-1","max-image-preview":"max-image-preview:large","max-video-preview":"max-video-preview:-1"},"canonical":"https:\/\/www.cosmooffice.co\/index.php\/hakkimizda\/","og_locale":"tr_TR","og_type":"article","og_title":"Cosmo Office - HAKKIMIZDA","og_description":"Hakk\u0131m\u0131zda: Haz\u0131r Ofis - Sanal Ofis - Toplant\u0131 Odalar\u0131 - ile Bodrum'da ofis hizmeti","og_url":"https:\/\/www.cosmooffice.co\/index.php\/hakkimizda\/","og_site_name":"Cosmo Office","article_publisher":"https:\/\/www.facebook.com\/search\/top?q=cosmooffice","article_modified_time":"2026-03-06T13:40:33+00:00","og_image":[{"width":2560,"height":2048,"url":"https:\/\/www.cosmooffice.co\/wp-content\/uploads\/2026\/03\/3WEB-1-scaled.jpg","type":"image\/jpeg"}],"twitter_card":"summary_large_image","twitter_misc":{"Tahmini okuma s\u00fcresi":"2 dakika"},"schema":{"@context":"https:\/\/schema.org","@graph":[{"@type":"WebPage","@id":"https:\/\/www.cosmooffice.co\/index.php\/hakkimizda\/","url":"https:\/\/www.cosmooffice.co\/index.php\/hakkimizda\/","name":"Cosmo Office - HAKKIMIZDA","isPartOf":{"@id":"https:\/\/www.cosmooffice.co\/#website"},"primaryImageOfPage":{"@id":"https:\/\/www.cosmooffice.co\/index.php\/hakkimizda\/#primaryimage"},"image":{"@id":"https:\/\/www.cosmooffice.co\/index.php\/hakkimizda\/#primaryimage"},"thumbnailUrl":"https:\/\/www.cosmooffice.co\/wp-content\/uploads\/2026\/03\/3WEB-1-1024x819.jpg","datePublished":"2024-09-10T14:21:10+00:00","dateModified":"2026-03-06T13:40:33+00:00","description":"Hakk\u0131m\u0131zda: Haz\u0131r Ofis - Sanal Ofis - Toplant\u0131 Odalar\u0131 - ile Bodrum'da ofis hizmeti","breadcrumb":{"@id":"https:\/\/www.cosmooffice.co\/index.php\/hakkimizda\/#breadcrumb"},"inLanguage":"tr","potentialAction":[{"@type":"ReadAction","target":["https:\/\/www.cosmooffice.co\/index.php\/hakkimizda\/"]}]},{"@type":"ImageObject","inLanguage":"tr","@id":"https:\/\/www.cosmooffice.co\/index.php\/hakkimizda\/#primaryimage","url":"https:\/\/www.cosmooffice.co\/wp-content\/uploads\/2026\/03\/3WEB-1-scaled.jpg","contentUrl":"https:\/\/www.cosmooffice.co\/wp-content\/uploads\/2026\/03\/3WEB-1-scaled.jpg","width":2560,"height":2048},{"@type":"BreadcrumbList","@id":"https:\/\/www.cosmooffice.co\/index.php\/hakkimizda\/#breadcrumb","itemListElement":[{"@type":"ListItem","position":1,"name":"Anasayfa","item":"https:\/\/www.cosmooffice.co\/"},{"@type":"ListItem","position":2,"name":"HAKKIMIZDA"}]},{"@type":"WebSite","@id":"https:\/\/www.cosmooffice.co\/#website","url":"https:\/\/www.cosmooffice.co\/","name":"Cosmo Office","description":"De\u011fi\u015fen \u0130htiya\u00e7lara, Yenilenen \u00c7al\u0131\u015fma Alanlar\u0131","publisher":{"@id":"https:\/\/www.cosmooffice.co\/#organization"},"alternateName":"Cosmo Office Bodrum","potentialAction":[{"@type":"SearchAction","target":{"@type":"EntryPoint","urlTemplate":"https:\/\/www.cosmooffice.co\/?s={search_term_string}"},"query-input":{"@type":"PropertyValueSpecification","valueRequired":true,"valueName":"search_term_string"}}],"inLanguage":"tr"},{"@type":"Organization","@id":"https:\/\/www.cosmooffice.co\/#organization","name":"Cosmo Office","alternateName":"Cosmo Office Bodrum","url":"https:\/\/www.cosmooffice.co\/","logo":{"@type":"ImageObject","inLanguage":"tr","@id":"https:\/\/www.cosmooffice.co\/#\/schema\/logo\/image\/","url":"https:\/\/www.cosmooffice.co\/wp-content\/uploads\/2024\/10\/cosmo_logo_kullanimlari_Calisma-Yuzeyi-1.png","contentUrl":"https:\/\/www.cosmooffice.co\/wp-content\/uploads\/2024\/10\/cosmo_logo_kullanimlari_Calisma-Yuzeyi-1.png","width":1241,"height":878,"caption":"Cosmo Office"},"image":{"@id":"https:\/\/www.cosmooffice.co\/#\/schema\/logo\/image\/"},"sameAs":["https:\/\/www.facebook.com\/search\/top?q=cosmooffice","https:\/\/www.instagram.com\/cosmo.office\/"]}]}},"_links":{"self":[{"href":"https:\/\/www.cosmooffice.co\/index.php\/wp-json\/wp\/v2\/pages\/239","targetHints":{"allow":["GET"]}}],"collection":[{"href":"https:\/\/www.cosmooffice.co\/index.php\/wp-json\/wp\/v2\/pages"}],"about":[{"href":"https:\/\/www.cosmooffice.co\/index.php\/wp-json\/wp\/v2\/types\/page"}],"author":[{"embeddable":true,"href":"https:\/\/www.cosmooffice.co\/index.php\/wp-json\/wp\/v2\/users\/2"}],"replies":[{"embeddable":true,"href":"https:\/\/www.cosmooffice.co\/index.php\/wp-json\/wp\/v2\/comments?post=239"}],"version-history":[{"count":3,"href":"https:\/\/www.cosmooffice.co\/index.php\/wp-json\/wp\/v2\/pages\/239\/revisions"}],"predecessor-version":[{"id":1171,"href":"https:\/\/www.cosmooffice.co\/index.php\/wp-json\/wp\/v2\/pages\/239\/revisions\/1171"}],"wp:attachment":[{"href":"https:\/\/www.cosmooffice.co\/index.php\/wp-json\/wp\/v2\/media?parent=239"}],"curies":[{"name":"wp","href":"https:\/\/api.w.org\/{rel}","templated":true}]}}