{"id":236,"date":"2024-09-10T17:21:10","date_gmt":"2024-09-10T14:21:10","guid":{"rendered":"https:\/\/www.cosmooffice.co\/?page_id=236"},"modified":"2024-11-29T10:58:24","modified_gmt":"2024-11-29T07:58:24","slug":"ofis-avantajlari","status":"publish","type":"page","link":"https:\/\/www.cosmooffice.co\/index.php\/ofis-avantajlari\/","title":{"rendered":"AVANTAJLAR"},"content":{"rendered":"\t\t<div data-elementor-type=\"wp-page\" data-elementor-id=\"236\" class=\"elementor elementor-236\" data-elementor-post-type=\"page\">\n\t\t\t\t<div class=\"elementor-element elementor-element-719f3a8 e-flex e-con-boxed e-con e-parent\" data-id=\"719f3a8\" data-element_type=\"container\">\n\t\t\t\t\t<div class=\"e-con-inner\">\n\t\t\t\t<div class=\"elementor-element elementor-element-b601910 elementor-widget__width-inherit elementor-widget elementor-widget-heading\" data-id=\"b601910\" data-element_type=\"widget\" data-widget_type=\"heading.default\">\n\t\t\t\t<div class=\"elementor-widget-container\">\n\t\t\t\t\t<h3 class=\"elementor-heading-title elementor-size-default\">KOLAYLIKLAR<\/h3>\t\t\t\t<\/div>\n\t\t\t\t<\/div>\n\t\t\t\t\t<\/div>\n\t\t\t\t<\/div>\n\t\t<div class=\"elementor-element elementor-element-1cbcc9e e-con-full e-flex e-con e-parent\" data-id=\"1cbcc9e\" data-element_type=\"container\" data-settings=\"{&quot;background_background&quot;:&quot;classic&quot;}\">\n\t\t\t\t<\/div>\n\t\t<div class=\"elementor-element elementor-element-64e2712 e-flex e-con-boxed e-con e-parent\" data-id=\"64e2712\" data-element_type=\"container\">\n\t\t\t\t\t<div class=\"e-con-inner\">\n\t\t\t\t<div class=\"elementor-element elementor-element-3481c01 elementor-widget elementor-widget-text-editor\" data-id=\"3481c01\" data-element_type=\"widget\" data-widget_type=\"text-editor.default\">\n\t\t\t\t<div class=\"elementor-widget-container\">\n\t\t\t\t\t\t\t\t\t<p style=\"text-align: center;\">Cosmo Office, Ofis Kullan\u0131m Avantajlar\u0131<\/p>\t\t\t\t\t\t\t\t<\/div>\n\t\t\t\t<\/div>\n\t\t\t\t\t<\/div>\n\t\t\t\t<\/div>\n\t\t<div class=\"elementor-element elementor-element-2d6da55 e-flex e-con-boxed e-con e-parent\" data-id=\"2d6da55\" data-element_type=\"container\">\n\t\t\t\t\t<div class=\"e-con-inner\">\n\t\t\t\t<div class=\"elementor-element elementor-element-ca6cf4a elementor-widget elementor-widget-image\" data-id=\"ca6cf4a\" data-element_type=\"widget\" data-widget_type=\"image.default\">\n\t\t\t\t<div class=\"elementor-widget-container\">\n\t\t\t\t\t\t\t\t\t\t\t\t\t\t\t<img fetchpriority=\"high\" decoding=\"async\" width=\"1024\" height=\"753\" src=\"https:\/\/www.cosmooffice.co\/wp-content\/uploads\/2024\/09\/temel-ikonlar_kolayliklar-e1730816917241-1024x753.png\" class=\"attachment-large size-large wp-image-338\" alt=\"\" srcset=\"https:\/\/www.cosmooffice.co\/wp-content\/uploads\/2024\/09\/temel-ikonlar_kolayliklar-e1730816917241-1024x753.png 1024w, https:\/\/www.cosmooffice.co\/wp-content\/uploads\/2024\/09\/temel-ikonlar_kolayliklar-e1730816917241-300x220.png 300w, https:\/\/www.cosmooffice.co\/wp-content\/uploads\/2024\/09\/temel-ikonlar_kolayliklar-e1730816917241-768x564.png 768w, https:\/\/www.cosmooffice.co\/wp-content\/uploads\/2024\/09\/temel-ikonlar_kolayliklar-e1730816917241-1536x1129.png 1536w, https:\/\/www.cosmooffice.co\/wp-content\/uploads\/2024\/09\/temel-ikonlar_kolayliklar-e1730816917241-2048x1505.png 2048w\" sizes=\"(max-width: 1024px) 100vw, 1024px\" \/>\t\t\t\t\t\t\t\t\t\t\t\t\t\t\t<\/div>\n\t\t\t\t<\/div>\n\t\t\t\t\t<\/div>\n\t\t\t\t<\/div>\n\t\t<div class=\"elementor-element elementor-element-039152d e-flex e-con-boxed e-con e-parent\" data-id=\"039152d\" data-element_type=\"container\">\n\t\t\t\t\t<div class=\"e-con-inner\">\n\t\t<div class=\"elementor-element elementor-element-89b110c e-con-full e-flex e-con e-child\" data-id=\"89b110c\" data-element_type=\"container\">\n\t\t\t\t<div class=\"elementor-element elementor-element-4dbb1c5 elementor-widget__width-inherit elementor-widget elementor-widget-heading\" data-id=\"4dbb1c5\" data-element_type=\"widget\" data-widget_type=\"heading.default\">\n\t\t\t\t<div class=\"elementor-widget-container\">\n\t\t\t\t\t<h3 class=\"elementor-heading-title elementor-size-default\">AVANTAJLAR<\/h3>\t\t\t\t<\/div>\n\t\t\t\t<\/div>\n\t\t\t\t<\/div>\n\t\t\t\t\t<\/div>\n\t\t\t\t<\/div>\n\t\t<div class=\"elementor-element elementor-element-c7b1240 e-flex e-con-boxed e-con e-parent\" data-id=\"c7b1240\" data-element_type=\"container\">\n\t\t\t\t\t<div class=\"e-con-inner\">\n\t\t<div class=\"elementor-element elementor-element-c984d66 e-con-full e-flex e-con e-child\" data-id=\"c984d66\" data-element_type=\"container\" data-settings=\"{&quot;background_background&quot;:&quot;classic&quot;}\">\n\t\t\t\t<\/div>\n\t\t\t\t\t<\/div>\n\t\t\t\t<\/div>\n\t\t<div class=\"elementor-element elementor-element-54812c5 e-flex e-con-boxed e-con e-parent\" data-id=\"54812c5\" data-element_type=\"container\">\n\t\t\t\t\t<div class=\"e-con-inner\">\n\t\t\t\t<div class=\"elementor-element elementor-element-a664151 elementor-widget elementor-widget-image\" data-id=\"a664151\" data-element_type=\"widget\" data-widget_type=\"image.default\">\n\t\t\t\t<div class=\"elementor-widget-container\">\n\t\t\t\t\t\t\t\t\t\t\t\t\t\t\t<img decoding=\"async\" width=\"1024\" height=\"756\" src=\"https:\/\/www.cosmooffice.co\/wp-content\/uploads\/2024\/09\/temel-ikonlar_avantajlar-31-e1730817749931-1024x756.png\" class=\"attachment-large size-large wp-image-339\" alt=\"\" srcset=\"https:\/\/www.cosmooffice.co\/wp-content\/uploads\/2024\/09\/temel-ikonlar_avantajlar-31-e1730817749931-1024x756.png 1024w, https:\/\/www.cosmooffice.co\/wp-content\/uploads\/2024\/09\/temel-ikonlar_avantajlar-31-e1730817749931-300x221.png 300w, https:\/\/www.cosmooffice.co\/wp-content\/uploads\/2024\/09\/temel-ikonlar_avantajlar-31-e1730817749931-768x567.png 768w, https:\/\/www.cosmooffice.co\/wp-content\/uploads\/2024\/09\/temel-ikonlar_avantajlar-31-e1730817749931-1536x1134.png 1536w, https:\/\/www.cosmooffice.co\/wp-content\/uploads\/2024\/09\/temel-ikonlar_avantajlar-31-e1730817749931-2048x1512.png 2048w, https:\/\/www.cosmooffice.co\/wp-content\/uploads\/2024\/09\/temel-ikonlar_avantajlar-31-e1730817749931-290x215.png 290w\" sizes=\"(max-width: 1024px) 100vw, 1024px\" \/>\t\t\t\t\t\t\t\t\t\t\t\t\t\t\t<\/div>\n\t\t\t\t<\/div>\n\t\t\t\t\t<\/div>\n\t\t\t\t<\/div>\n\t\t<div class=\"elementor-element elementor-element-4e3a483 e-flex e-con-boxed e-con e-parent\" data-id=\"4e3a483\" data-element_type=\"container\">\n\t\t\t\t\t<div class=\"e-con-inner\">\n\t\t\t\t<div class=\"elementor-element elementor-element-0d23e7a elementor-widget__width-inherit elementor-widget elementor-widget-heading\" data-id=\"0d23e7a\" data-element_type=\"widget\" data-widget_type=\"heading.default\">\n\t\t\t\t<div class=\"elementor-widget-container\">\n\t\t\t\t\t<h3 class=\"elementor-heading-title elementor-size-default\">ALT YAPI<\/h3>\t\t\t\t<\/div>\n\t\t\t\t<\/div>\n\t\t\t\t\t<\/div>\n\t\t\t\t<\/div>\n\t\t<div class=\"elementor-element elementor-element-064ec92 e-flex e-con-boxed e-con e-parent\" data-id=\"064ec92\" data-element_type=\"container\">\n\t\t\t\t\t<div class=\"e-con-inner\">\n\t\t<div class=\"elementor-element elementor-element-3cece54 e-con-full e-flex e-con e-child\" data-id=\"3cece54\" data-element_type=\"container\" data-settings=\"{&quot;background_background&quot;:&quot;classic&quot;}\">\n\t\t\t\t<\/div>\n\t\t\t\t\t<\/div>\n\t\t\t\t<\/div>\n\t\t<div class=\"elementor-element elementor-element-8ed787a e-grid e-con-boxed e-con e-parent\" data-id=\"8ed787a\" data-element_type=\"container\">\n\t\t\t\t\t<div class=\"e-con-inner\">\n\t\t\t\t<div class=\"elementor-element elementor-element-6e20691 elementor-view-default elementor-position-block-start elementor-mobile-position-block-start elementor-widget elementor-widget-icon-box\" data-id=\"6e20691\" data-element_type=\"widget\" data-widget_type=\"icon-box.default\">\n\t\t\t\t<div class=\"elementor-widget-container\">\n\t\t\t\t\t\t\t<div class=\"elementor-icon-box-wrapper\">\n\n\t\t\t\t\t\t<div class=\"elementor-icon-box-icon\">\n\t\t\t\t<span  class=\"elementor-icon\">\n\t\t\t\t<svg aria-hidden=\"true\" class=\"e-font-icon-svg e-fas-cogs\" viewBox=\"0 0 640 512\" xmlns=\"http:\/\/www.w3.org\/2000\/svg\"><path d=\"M512.1 191l-8.2 14.3c-3 5.3-9.4 7.5-15.1 5.4-11.8-4.4-22.6-10.7-32.1-18.6-4.6-3.8-5.8-10.5-2.8-15.7l8.2-14.3c-6.9-8-12.3-17.3-15.9-27.4h-16.5c-6 0-11.2-4.3-12.2-10.3-2-12-2.1-24.6 0-37.1 1-6 6.2-10.4 12.2-10.4h16.5c3.6-10.1 9-19.4 15.9-27.4l-8.2-14.3c-3-5.2-1.9-11.9 2.8-15.7 9.5-7.9 20.4-14.2 32.1-18.6 5.7-2.1 12.1.1 15.1 5.4l8.2 14.3c10.5-1.9 21.2-1.9 31.7 0L552 6.3c3-5.3 9.4-7.5 15.1-5.4 11.8 4.4 22.6 10.7 32.1 18.6 4.6 3.8 5.8 10.5 2.8 15.7l-8.2 14.3c6.9 8 12.3 17.3 15.9 27.4h16.5c6 0 11.2 4.3 12.2 10.3 2 12 2.1 24.6 0 37.1-1 6-6.2 10.4-12.2 10.4h-16.5c-3.6 10.1-9 19.4-15.9 27.4l8.2 14.3c3 5.2 1.9 11.9-2.8 15.7-9.5 7.9-20.4 14.2-32.1 18.6-5.7 2.1-12.1-.1-15.1-5.4l-8.2-14.3c-10.4 1.9-21.2 1.9-31.7 0zm-10.5-58.8c38.5 29.6 82.4-14.3 52.8-52.8-38.5-29.7-82.4 14.3-52.8 52.8zM386.3 286.1l33.7 16.8c10.1 5.8 14.5 18.1 10.5 29.1-8.9 24.2-26.4 46.4-42.6 65.8-7.4 8.9-20.2 11.1-30.3 5.3l-29.1-16.8c-16 13.7-34.6 24.6-54.9 31.7v33.6c0 11.6-8.3 21.6-19.7 23.6-24.6 4.2-50.4 4.4-75.9 0-11.5-2-20-11.9-20-23.6V418c-20.3-7.2-38.9-18-54.9-31.7L74 403c-10 5.8-22.9 3.6-30.3-5.3-16.2-19.4-33.3-41.6-42.2-65.7-4-10.9.4-23.2 10.5-29.1l33.3-16.8c-3.9-20.9-3.9-42.4 0-63.4L12 205.8c-10.1-5.8-14.6-18.1-10.5-29 8.9-24.2 26-46.4 42.2-65.8 7.4-8.9 20.2-11.1 30.3-5.3l29.1 16.8c16-13.7 34.6-24.6 54.9-31.7V57.1c0-11.5 8.2-21.5 19.6-23.5 24.6-4.2 50.5-4.4 76-.1 11.5 2 20 11.9 20 23.6v33.6c20.3 7.2 38.9 18 54.9 31.7l29.1-16.8c10-5.8 22.9-3.6 30.3 5.3 16.2 19.4 33.2 41.6 42.1 65.8 4 10.9.1 23.2-10 29.1l-33.7 16.8c3.9 21 3.9 42.5 0 63.5zm-117.6 21.1c59.2-77-28.7-164.9-105.7-105.7-59.2 77 28.7 164.9 105.7 105.7zm243.4 182.7l-8.2 14.3c-3 5.3-9.4 7.5-15.1 5.4-11.8-4.4-22.6-10.7-32.1-18.6-4.6-3.8-5.8-10.5-2.8-15.7l8.2-14.3c-6.9-8-12.3-17.3-15.9-27.4h-16.5c-6 0-11.2-4.3-12.2-10.3-2-12-2.1-24.6 0-37.1 1-6 6.2-10.4 12.2-10.4h16.5c3.6-10.1 9-19.4 15.9-27.4l-8.2-14.3c-3-5.2-1.9-11.9 2.8-15.7 9.5-7.9 20.4-14.2 32.1-18.6 5.7-2.1 12.1.1 15.1 5.4l8.2 14.3c10.5-1.9 21.2-1.9 31.7 0l8.2-14.3c3-5.3 9.4-7.5 15.1-5.4 11.8 4.4 22.6 10.7 32.1 18.6 4.6 3.8 5.8 10.5 2.8 15.7l-8.2 14.3c6.9 8 12.3 17.3 15.9 27.4h16.5c6 0 11.2 4.3 12.2 10.3 2 12 2.1 24.6 0 37.1-1 6-6.2 10.4-12.2 10.4h-16.5c-3.6 10.1-9 19.4-15.9 27.4l8.2 14.3c3 5.2 1.9 11.9-2.8 15.7-9.5 7.9-20.4 14.2-32.1 18.6-5.7 2.1-12.1-.1-15.1-5.4l-8.2-14.3c-10.4 1.9-21.2 1.9-31.7 0zM501.6 431c38.5 29.6 82.4-14.3 52.8-52.8-38.5-29.6-82.4 14.3-52.8 52.8z\"><\/path><\/svg>\t\t\t\t<\/span>\n\t\t\t<\/div>\n\t\t\t\n\t\t\t\t\t\t<div class=\"elementor-icon-box-content\">\n\n\t\t\t\t\t\t\t\t\t<h6 class=\"elementor-icon-box-title\">\n\t\t\t\t\t\t<span  >\n\t\t\t\t\t\t\tOtomasyon\t\t\t\t\t\t<\/span>\n\t\t\t\t\t<\/h6>\n\t\t\t\t\n\t\t\t\t\t\t\t\t\t<p class=\"elementor-icon-box-description\">\n\t\t\t\t\t\tAyd\u0131nlatma ve iklimlendirme yo\u0308netimi otomasyon sistemi ile yu\u0308ru\u0308tu\u0308lmektedir. COSMO\u02bcnun asanso\u0308r ve kap\u0131lar\u0131nda s\u0327ifreli eris\u0327im sistemi bulunmaktad\u0131r. \t\t\t\t\t<\/p>\n\t\t\t\t\n\t\t\t<\/div>\n\t\t\t\n\t\t<\/div>\n\t\t\t\t\t\t<\/div>\n\t\t\t\t<\/div>\n\t\t\t\t<div class=\"elementor-element elementor-element-4fefa1c elementor-view-default elementor-position-block-start elementor-mobile-position-block-start elementor-widget elementor-widget-icon-box\" data-id=\"4fefa1c\" data-element_type=\"widget\" data-widget_type=\"icon-box.default\">\n\t\t\t\t<div class=\"elementor-widget-container\">\n\t\t\t\t\t\t\t<div class=\"elementor-icon-box-wrapper\">\n\n\t\t\t\t\t\t<div class=\"elementor-icon-box-icon\">\n\t\t\t\t<span  class=\"elementor-icon\">\n\t\t\t\t<svg aria-hidden=\"true\" class=\"e-font-icon-svg e-fas-network-wired\" viewBox=\"0 0 640 512\" xmlns=\"http:\/\/www.w3.org\/2000\/svg\"><path d=\"M640 264v-16c0-8.84-7.16-16-16-16H344v-40h72c17.67 0 32-14.33 32-32V32c0-17.67-14.33-32-32-32H224c-17.67 0-32 14.33-32 32v128c0 17.67 14.33 32 32 32h72v40H16c-8.84 0-16 7.16-16 16v16c0 8.84 7.16 16 16 16h104v40H64c-17.67 0-32 14.33-32 32v128c0 17.67 14.33 32 32 32h160c17.67 0 32-14.33 32-32V352c0-17.67-14.33-32-32-32h-56v-40h304v40h-56c-17.67 0-32 14.33-32 32v128c0 17.67 14.33 32 32 32h160c17.67 0 32-14.33 32-32V352c0-17.67-14.33-32-32-32h-56v-40h104c8.84 0 16-7.16 16-16zM256 128V64h128v64H256zm-64 320H96v-64h96v64zm352 0h-96v-64h96v64z\"><\/path><\/svg>\t\t\t\t<\/span>\n\t\t\t<\/div>\n\t\t\t\n\t\t\t\t\t\t<div class=\"elementor-icon-box-content\">\n\n\t\t\t\t\t\t\t\t\t<h6 class=\"elementor-icon-box-title\">\n\t\t\t\t\t\t<span  >\n\t\t\t\t\t\t\tNetwork\t\t\t\t\t\t<\/span>\n\t\t\t\t\t<\/h6>\n\t\t\t\t\n\t\t\t\t\t\t\t\t\t<p class=\"elementor-icon-box-description\">\n\t\t\t\t\t\tTurkcell Superonline Metro I\u0307nternet hizmeti ile bag\u0306lant\u0131 yap\u0131lmaktad\u0131r. Ayr\u0131ca, DDOS sald\u0131r\u0131lar\u0131na kars\u0327\u0131 Turkcell'in gu\u0308c\u0327lu\u0308 altyap\u0131s\u0131 ile koruma sag\u0306lanmaktad\u0131r. Tu\u0308m ag\u0306 yap\u0131lar\u0131 Sophos Firewall Sistemi ile korunmaktad\u0131r. <br> <i>5156 say\u0131l\u0131 Bilgi Teknolojileri Gu\u0308venlig\u0306i Kanunu kapsam\u0131nda tu\u0308m kay\u0131tlar loglanmaktad\u0131r. <\/i>\t\t\t\t\t<\/p>\n\t\t\t\t\n\t\t\t<\/div>\n\t\t\t\n\t\t<\/div>\n\t\t\t\t\t\t<\/div>\n\t\t\t\t<\/div>\n\t\t\t\t<div class=\"elementor-element elementor-element-e217422 elementor-view-default elementor-position-block-start elementor-mobile-position-block-start elementor-widget elementor-widget-icon-box\" data-id=\"e217422\" data-element_type=\"widget\" data-widget_type=\"icon-box.default\">\n\t\t\t\t<div class=\"elementor-widget-container\">\n\t\t\t\t\t\t\t<div class=\"elementor-icon-box-wrapper\">\n\n\t\t\t\t\t\t<div class=\"elementor-icon-box-icon\">\n\t\t\t\t<span  class=\"elementor-icon\">\n\t\t\t\t<svg aria-hidden=\"true\" class=\"e-font-icon-svg e-fas-code-branch\" viewBox=\"0 0 384 512\" xmlns=\"http:\/\/www.w3.org\/2000\/svg\"><path d=\"M384 144c0-44.2-35.8-80-80-80s-80 35.8-80 80c0 36.4 24.3 67.1 57.5 76.8-.6 16.1-4.2 28.5-11 36.9-15.4 19.2-49.3 22.4-85.2 25.7-28.2 2.6-57.4 5.4-81.3 16.9v-144c32.5-10.2 56-40.5 56-76.3 0-44.2-35.8-80-80-80S0 35.8 0 80c0 35.8 23.5 66.1 56 76.3v199.3C23.5 365.9 0 396.2 0 432c0 44.2 35.8 80 80 80s80-35.8 80-80c0-34-21.2-63.1-51.2-74.6 3.1-5.2 7.8-9.8 14.9-13.4 16.2-8.2 40.4-10.4 66.1-12.8 42.2-3.9 90-8.4 118.2-43.4 14-17.4 21.1-39.8 21.6-67.9 31.6-10.8 54.4-40.7 54.4-75.9zM80 64c8.8 0 16 7.2 16 16s-7.2 16-16 16-16-7.2-16-16 7.2-16 16-16zm0 384c-8.8 0-16-7.2-16-16s7.2-16 16-16 16 7.2 16 16-7.2 16-16 16zm224-320c8.8 0 16 7.2 16 16s-7.2 16-16 16-16-7.2-16-16 7.2-16 16-16z\"><\/path><\/svg>\t\t\t\t<\/span>\n\t\t\t<\/div>\n\t\t\t\n\t\t\t\t\t\t<div class=\"elementor-icon-box-content\">\n\n\t\t\t\t\t\t\t\t\t<h6 class=\"elementor-icon-box-title\">\n\t\t\t\t\t\t<span  >\n\t\t\t\t\t\t\tElektrik &amp; Elektronik\t\t\t\t\t\t<\/span>\n\t\t\t\t\t<\/h6>\n\t\t\t\t\n\t\t\t\t\t\t\t\t\t<p class=\"elementor-icon-box-description\">\n\t\t\t\t\t\tTu\u0308m alanlar %100 jenerato\u0308rle beslenmektedir. I\u0307klimlendirmede VRF sistem tercih edilmektedir. Yang\u0131n ihbar sisteminde adreslenebilir dedekto\u0308rler bulunmaktad\u0131r. Haz\u0131r ofislerde kablolu altyap\u0131 ic\u0327in teknik altyap\u0131 sag\u0306lanm\u0131s\u0327 olup, toplant\u0131 odalar\u0131nda endu\u0308striyel ekranlar bulunmaktad\u0131r.\t\t\t\t\t<\/p>\n\t\t\t\t\n\t\t\t<\/div>\n\t\t\t\n\t\t<\/div>\n\t\t\t\t\t\t<\/div>\n\t\t\t\t<\/div>\n\t\t\t\t\t<\/div>\n\t\t\t\t<\/div>\n\t\t\t\t<\/div>\n\t\t","protected":false},"excerpt":{"rendered":"<p>KOLAYLIKLAR AVANTAJLAR ALT YAPI &nbsp; Otomasyon Ayd\u0131nlatma ve iklimlendirme yo\u0308netimi otomasyon sistemi ile yu\u0308ru\u0308tu\u0308lmektedir. COSMO\u02bcnun asanso\u0308r ve kap\u0131lar\u0131nda s\u0327ifreli eris\u0327im sistemi bulunmaktad\u0131r. &nbsp; Network Turkcell Superonline Metro I\u0307nternet hizmeti ile bag\u0306lant\u0131 yap\u0131lmaktad\u0131r. Ayr\u0131ca, DDOS sald\u0131r\u0131lar\u0131na kars\u0327\u0131 Turkcell&#8217;in gu\u0308c\u0327lu\u0308 altyap\u0131s\u0131 ile koruma sag\u0306lanmaktad\u0131r. Tu\u0308m ag\u0306 yap\u0131lar\u0131 Sophos Firewall Sistemi ile korunmaktad\u0131r. 5156 say\u0131l\u0131 Bilgi Teknolojileri Gu\u0308venlig\u0306i [&hellip;]<\/p>\n","protected":false},"author":2,"featured_media":0,"parent":0,"menu_order":0,"comment_status":"closed","ping_status":"closed","template":"","meta":{"_monsterinsights_skip_tracking":false,"_monsterinsights_sitenote_active":false,"_monsterinsights_sitenote_note":"","_monsterinsights_sitenote_category":0,"footnotes":""},"class_list":["post-236","page","type-page","status-publish","hentry"],"yoast_head":"<!-- This site is optimized with the Yoast SEO plugin v26.6 - https:\/\/yoast.com\/wordpress\/plugins\/seo\/ -->\n<title>AVANTAJLAR - Cosmo Office Bodrum<\/title>\n<meta name=\"description\" content=\"Ofis avantajlar\u0131 - Merkezi Konum - D\u00fc\u015f\u00fck Maliyet - Posta, Kargo Y\u00f6netimi - Dan\u0131\u015fma - Jenerat\u00f6r - S\u0131n\u0131rs\u0131z \u0130nternet - \u0130klimlendirme\" \/>\n<meta name=\"robots\" content=\"index, follow, max-snippet:-1, max-image-preview:large, max-video-preview:-1\" \/>\n<link rel=\"canonical\" href=\"https:\/\/www.cosmooffice.co\/index.php\/ofis-avantajlari\/\" \/>\n<meta property=\"og:locale\" content=\"tr_TR\" \/>\n<meta property=\"og:type\" content=\"article\" \/>\n<meta property=\"og:title\" content=\"AVANTAJLAR - Cosmo Office Bodrum\" \/>\n<meta property=\"og:description\" content=\"Ofis avantajlar\u0131 - Merkezi Konum - D\u00fc\u015f\u00fck Maliyet - Posta, Kargo Y\u00f6netimi - Dan\u0131\u015fma - Jenerat\u00f6r - S\u0131n\u0131rs\u0131z \u0130nternet - \u0130klimlendirme\" \/>\n<meta property=\"og:url\" content=\"https:\/\/www.cosmooffice.co\/index.php\/ofis-avantajlari\/\" \/>\n<meta property=\"og:site_name\" content=\"Cosmo Office\" \/>\n<meta property=\"article:publisher\" content=\"https:\/\/www.facebook.com\/search\/top?q=cosmooffice\" \/>\n<meta property=\"article:modified_time\" content=\"2024-11-29T07:58:24+00:00\" \/>\n<meta property=\"og:image\" content=\"https:\/\/www.cosmooffice.co\/wp-content\/uploads\/2024\/09\/temel-ikonlar_kolayliklar-e1730816917241-1024x753.png\" \/>\n<meta name=\"twitter:card\" content=\"summary_large_image\" \/>\n<meta name=\"twitter:label1\" content=\"Tahmini okuma s\u00fcresi\" \/>\n\t<meta name=\"twitter:data1\" content=\"1 dakika\" \/>\n<script type=\"application\/ld+json\" class=\"yoast-schema-graph\">{\"@context\":\"https:\/\/schema.org\",\"@graph\":[{\"@type\":\"WebPage\",\"@id\":\"https:\/\/www.cosmooffice.co\/index.php\/ofis-avantajlari\/\",\"url\":\"https:\/\/www.cosmooffice.co\/index.php\/ofis-avantajlari\/\",\"name\":\"AVANTAJLAR - Cosmo Office Bodrum\",\"isPartOf\":{\"@id\":\"https:\/\/www.cosmooffice.co\/#website\"},\"primaryImageOfPage\":{\"@id\":\"https:\/\/www.cosmooffice.co\/index.php\/ofis-avantajlari\/#primaryimage\"},\"image\":{\"@id\":\"https:\/\/www.cosmooffice.co\/index.php\/ofis-avantajlari\/#primaryimage\"},\"thumbnailUrl\":\"https:\/\/www.cosmooffice.co\/wp-content\/uploads\/2024\/09\/temel-ikonlar_kolayliklar-e1730816917241-1024x753.png\",\"datePublished\":\"2024-09-10T14:21:10+00:00\",\"dateModified\":\"2024-11-29T07:58:24+00:00\",\"description\":\"Ofis avantajlar\u0131 - Merkezi Konum - D\u00fc\u015f\u00fck Maliyet - Posta, Kargo Y\u00f6netimi - Dan\u0131\u015fma - Jenerat\u00f6r - S\u0131n\u0131rs\u0131z \u0130nternet - \u0130klimlendirme\",\"breadcrumb\":{\"@id\":\"https:\/\/www.cosmooffice.co\/index.php\/ofis-avantajlari\/#breadcrumb\"},\"inLanguage\":\"tr\",\"potentialAction\":[{\"@type\":\"ReadAction\",\"target\":[\"https:\/\/www.cosmooffice.co\/index.php\/ofis-avantajlari\/\"]}]},{\"@type\":\"ImageObject\",\"inLanguage\":\"tr\",\"@id\":\"https:\/\/www.cosmooffice.co\/index.php\/ofis-avantajlari\/#primaryimage\",\"url\":\"https:\/\/www.cosmooffice.co\/wp-content\/uploads\/2024\/09\/temel-ikonlar_kolayliklar-e1730816917241.png\",\"contentUrl\":\"https:\/\/www.cosmooffice.co\/wp-content\/uploads\/2024\/09\/temel-ikonlar_kolayliklar-e1730816917241.png\",\"width\":3750,\"height\":2756},{\"@type\":\"BreadcrumbList\",\"@id\":\"https:\/\/www.cosmooffice.co\/index.php\/ofis-avantajlari\/#breadcrumb\",\"itemListElement\":[{\"@type\":\"ListItem\",\"position\":1,\"name\":\"Anasayfa\",\"item\":\"https:\/\/www.cosmooffice.co\/\"},{\"@type\":\"ListItem\",\"position\":2,\"name\":\"AVANTAJLAR\"}]},{\"@type\":\"WebSite\",\"@id\":\"https:\/\/www.cosmooffice.co\/#website\",\"url\":\"https:\/\/www.cosmooffice.co\/\",\"name\":\"Cosmo Office\",\"description\":\"De\u011fi\u015fen \u0130htiya\u00e7lara, Yenilenen \u00c7al\u0131\u015fma Alanlar\u0131\",\"publisher\":{\"@id\":\"https:\/\/www.cosmooffice.co\/#organization\"},\"alternateName\":\"Cosmo Office Bodrum\",\"potentialAction\":[{\"@type\":\"SearchAction\",\"target\":{\"@type\":\"EntryPoint\",\"urlTemplate\":\"https:\/\/www.cosmooffice.co\/?s={search_term_string}\"},\"query-input\":{\"@type\":\"PropertyValueSpecification\",\"valueRequired\":true,\"valueName\":\"search_term_string\"}}],\"inLanguage\":\"tr\"},{\"@type\":\"Organization\",\"@id\":\"https:\/\/www.cosmooffice.co\/#organization\",\"name\":\"Cosmo Office\",\"alternateName\":\"Cosmo Office Bodrum\",\"url\":\"https:\/\/www.cosmooffice.co\/\",\"logo\":{\"@type\":\"ImageObject\",\"inLanguage\":\"tr\",\"@id\":\"https:\/\/www.cosmooffice.co\/#\/schema\/logo\/image\/\",\"url\":\"https:\/\/www.cosmooffice.co\/wp-content\/uploads\/2024\/10\/cosmo_logo_kullanimlari_Calisma-Yuzeyi-1.png\",\"contentUrl\":\"https:\/\/www.cosmooffice.co\/wp-content\/uploads\/2024\/10\/cosmo_logo_kullanimlari_Calisma-Yuzeyi-1.png\",\"width\":1241,\"height\":878,\"caption\":\"Cosmo Office\"},\"image\":{\"@id\":\"https:\/\/www.cosmooffice.co\/#\/schema\/logo\/image\/\"},\"sameAs\":[\"https:\/\/www.facebook.com\/search\/top?q=cosmooffice\",\"https:\/\/www.instagram.com\/cosmo.office\/\"]}]}<\/script>\n<!-- \/ Yoast SEO plugin. -->","yoast_head_json":{"title":"AVANTAJLAR - Cosmo Office Bodrum","description":"Ofis avantajlar\u0131 - Merkezi Konum - D\u00fc\u015f\u00fck Maliyet - Posta, Kargo Y\u00f6netimi - Dan\u0131\u015fma - Jenerat\u00f6r - S\u0131n\u0131rs\u0131z \u0130nternet - \u0130klimlendirme","robots":{"index":"index","follow":"follow","max-snippet":"max-snippet:-1","max-image-preview":"max-image-preview:large","max-video-preview":"max-video-preview:-1"},"canonical":"https:\/\/www.cosmooffice.co\/index.php\/ofis-avantajlari\/","og_locale":"tr_TR","og_type":"article","og_title":"AVANTAJLAR - Cosmo Office Bodrum","og_description":"Ofis avantajlar\u0131 - Merkezi Konum - D\u00fc\u015f\u00fck Maliyet - Posta, Kargo Y\u00f6netimi - Dan\u0131\u015fma - Jenerat\u00f6r - S\u0131n\u0131rs\u0131z \u0130nternet - \u0130klimlendirme","og_url":"https:\/\/www.cosmooffice.co\/index.php\/ofis-avantajlari\/","og_site_name":"Cosmo Office","article_publisher":"https:\/\/www.facebook.com\/search\/top?q=cosmooffice","article_modified_time":"2024-11-29T07:58:24+00:00","og_image":[{"url":"https:\/\/www.cosmooffice.co\/wp-content\/uploads\/2024\/09\/temel-ikonlar_kolayliklar-e1730816917241-1024x753.png","type":"","width":"","height":""}],"twitter_card":"summary_large_image","twitter_misc":{"Tahmini okuma s\u00fcresi":"1 dakika"},"schema":{"@context":"https:\/\/schema.org","@graph":[{"@type":"WebPage","@id":"https:\/\/www.cosmooffice.co\/index.php\/ofis-avantajlari\/","url":"https:\/\/www.cosmooffice.co\/index.php\/ofis-avantajlari\/","name":"AVANTAJLAR - Cosmo Office Bodrum","isPartOf":{"@id":"https:\/\/www.cosmooffice.co\/#website"},"primaryImageOfPage":{"@id":"https:\/\/www.cosmooffice.co\/index.php\/ofis-avantajlari\/#primaryimage"},"image":{"@id":"https:\/\/www.cosmooffice.co\/index.php\/ofis-avantajlari\/#primaryimage"},"thumbnailUrl":"https:\/\/www.cosmooffice.co\/wp-content\/uploads\/2024\/09\/temel-ikonlar_kolayliklar-e1730816917241-1024x753.png","datePublished":"2024-09-10T14:21:10+00:00","dateModified":"2024-11-29T07:58:24+00:00","description":"Ofis avantajlar\u0131 - Merkezi Konum - D\u00fc\u015f\u00fck Maliyet - Posta, Kargo Y\u00f6netimi - Dan\u0131\u015fma - Jenerat\u00f6r - S\u0131n\u0131rs\u0131z \u0130nternet - \u0130klimlendirme","breadcrumb":{"@id":"https:\/\/www.cosmooffice.co\/index.php\/ofis-avantajlari\/#breadcrumb"},"inLanguage":"tr","potentialAction":[{"@type":"ReadAction","target":["https:\/\/www.cosmooffice.co\/index.php\/ofis-avantajlari\/"]}]},{"@type":"ImageObject","inLanguage":"tr","@id":"https:\/\/www.cosmooffice.co\/index.php\/ofis-avantajlari\/#primaryimage","url":"https:\/\/www.cosmooffice.co\/wp-content\/uploads\/2024\/09\/temel-ikonlar_kolayliklar-e1730816917241.png","contentUrl":"https:\/\/www.cosmooffice.co\/wp-content\/uploads\/2024\/09\/temel-ikonlar_kolayliklar-e1730816917241.png","width":3750,"height":2756},{"@type":"BreadcrumbList","@id":"https:\/\/www.cosmooffice.co\/index.php\/ofis-avantajlari\/#breadcrumb","itemListElement":[{"@type":"ListItem","position":1,"name":"Anasayfa","item":"https:\/\/www.cosmooffice.co\/"},{"@type":"ListItem","position":2,"name":"AVANTAJLAR"}]},{"@type":"WebSite","@id":"https:\/\/www.cosmooffice.co\/#website","url":"https:\/\/www.cosmooffice.co\/","name":"Cosmo Office","description":"De\u011fi\u015fen \u0130htiya\u00e7lara, Yenilenen \u00c7al\u0131\u015fma Alanlar\u0131","publisher":{"@id":"https:\/\/www.cosmooffice.co\/#organization"},"alternateName":"Cosmo Office Bodrum","potentialAction":[{"@type":"SearchAction","target":{"@type":"EntryPoint","urlTemplate":"https:\/\/www.cosmooffice.co\/?s={search_term_string}"},"query-input":{"@type":"PropertyValueSpecification","valueRequired":true,"valueName":"search_term_string"}}],"inLanguage":"tr"},{"@type":"Organization","@id":"https:\/\/www.cosmooffice.co\/#organization","name":"Cosmo Office","alternateName":"Cosmo Office Bodrum","url":"https:\/\/www.cosmooffice.co\/","logo":{"@type":"ImageObject","inLanguage":"tr","@id":"https:\/\/www.cosmooffice.co\/#\/schema\/logo\/image\/","url":"https:\/\/www.cosmooffice.co\/wp-content\/uploads\/2024\/10\/cosmo_logo_kullanimlari_Calisma-Yuzeyi-1.png","contentUrl":"https:\/\/www.cosmooffice.co\/wp-content\/uploads\/2024\/10\/cosmo_logo_kullanimlari_Calisma-Yuzeyi-1.png","width":1241,"height":878,"caption":"Cosmo Office"},"image":{"@id":"https:\/\/www.cosmooffice.co\/#\/schema\/logo\/image\/"},"sameAs":["https:\/\/www.facebook.com\/search\/top?q=cosmooffice","https:\/\/www.instagram.com\/cosmo.office\/"]}]}},"_links":{"self":[{"href":"https:\/\/www.cosmooffice.co\/index.php\/wp-json\/wp\/v2\/pages\/236","targetHints":{"allow":["GET"]}}],"collection":[{"href":"https:\/\/www.cosmooffice.co\/index.php\/wp-json\/wp\/v2\/pages"}],"about":[{"href":"https:\/\/www.cosmooffice.co\/index.php\/wp-json\/wp\/v2\/types\/page"}],"author":[{"embeddable":true,"href":"https:\/\/www.cosmooffice.co\/index.php\/wp-json\/wp\/v2\/users\/2"}],"replies":[{"embeddable":true,"href":"https:\/\/www.cosmooffice.co\/index.php\/wp-json\/wp\/v2\/comments?post=236"}],"version-history":[{"count":0,"href":"https:\/\/www.cosmooffice.co\/index.php\/wp-json\/wp\/v2\/pages\/236\/revisions"}],"wp:attachment":[{"href":"https:\/\/www.cosmooffice.co\/index.php\/wp-json\/wp\/v2\/media?parent=236"}],"curies":[{"name":"wp","href":"https:\/\/api.w.org\/{rel}","templated":true}]}}